{"id":146,"date":"2025-04-05T09:31:59","date_gmt":"2025-04-05T09:31:59","guid":{"rendered":"https:\/\/onboarding-begleiter.de\/?page_id=146"},"modified":"2025-04-05T09:31:59","modified_gmt":"2025-04-05T09:31:59","slug":"datenschutzerklaerung","status":"publish","type":"page","link":"https:\/\/onboarding-begleiter.de\/?page_id=146","title":{"rendered":"Datenschutzerkl\u00e4rung"},"content":{"rendered":"\n<h2 class=\"wp-block-heading\">1. Verantwortlicher<\/h2>\n\n\n\n<p>Verantwortlich im Sinne der Datenschutz-Grundverordnung (DSGVO) ist:<\/p>\n\n\n\n<p>Oliver M\u00fcnch<br>T\u00f6pferstr. 8<br>01067 Dresden<\/p>\n\n\n\n<p>E-Mail: info@vindo.online<br>Telefon: +49 151 28975997<\/p>\n\n\n\n<h2 class=\"wp-block-heading\">2. \u00dcberblick \u00fcber die Datenverarbeitung<\/h2>\n\n\n\n<p>Diese Datenschutzerkl\u00e4rung erl\u00e4utert die Art, den Umfang und Zweck der Verarbeitung personenbezogener Daten innerhalb unseres Onlineangebotes und der mit ihm verbundenen Webseiten, Funktionen und Inhalte. Die Datenschutzerkl\u00e4rung gilt unabh\u00e4ngig von den verwendeten Domains, Systemen, Plattformen und Ger\u00e4ten, auf denen das Onlineangebot ausgef\u00fchrt wird.<\/p>\n\n\n\n<h2 class=\"wp-block-heading\">3. Arten der verarbeiteten Daten<\/h2>\n\n\n\n<ul class=\"wp-block-list\">\n<li>Bestandsdaten (z. B. Namen, Adressen)<\/li>\n\n\n\n<li>Kontaktdaten (z. B. E-Mail, Telefonnummern)<\/li>\n\n\n\n<li>Inhaltsdaten (z. B. Texteingaben, Nachrichten)<\/li>\n\n\n\n<li>Nutzungsdaten (z. B. besuchte Webseiten, Interesse an Inhalten, Zugriffszeiten)<\/li>\n\n\n\n<li>Meta-\/Kommunikationsdaten (z. B. Ger\u00e4te-Informationen, IP-Adressen)<\/li>\n<\/ul>\n\n\n\n<h2 class=\"wp-block-heading\">4. Kategorien betroffener Personen<\/h2>\n\n\n\n<ul class=\"wp-block-list\">\n<li>Besucher und Nutzer des Onlineangebotes<\/li>\n\n\n\n<li>Kunden und Interessenten<\/li>\n<\/ul>\n\n\n\n<p>Im Folgenden bezeichnen wir die betroffenen Personen zusammenfassend auch als &#8222;Nutzer&#8220;.<\/p>\n\n\n\n<h2 class=\"wp-block-heading\">5. Zweck der Verarbeitung<\/h2>\n\n\n\n<ul class=\"wp-block-list\">\n<li>Zurverf\u00fcgungstellung des Onlineangebotes, seiner Funktionen und Inhalte<\/li>\n\n\n\n<li>Beantwortung von Kontaktanfragen und Kommunikation mit Nutzern<\/li>\n\n\n\n<li>Sicherheitsma\u00dfnahmen<\/li>\n\n\n\n<li>Reichweitenmessung\/Marketing (falls sp\u00e4ter implementiert)<\/li>\n<\/ul>\n\n\n\n<h2 class=\"wp-block-heading\">6. Rechtsgrundlagen der Verarbeitung<\/h2>\n\n\n\n<p>Gem\u00e4\u00df Art. 13 DSGVO teilen wir Ihnen die Rechtsgrundlagen unserer Datenverarbeitungen mit. Sofern die Rechtsgrundlage in der Datenschutzerkl\u00e4rung nicht genannt wird, gilt Folgendes:<\/p>\n\n\n\n<ul class=\"wp-block-list\">\n<li>Die Rechtsgrundlage f\u00fcr die Einholung von Einwilligungen ist Art. 6 Abs. 1 lit. a und Art. 7 DSGVO.<\/li>\n\n\n\n<li>Die Rechtsgrundlage f\u00fcr die Verarbeitung zur Erf\u00fcllung unserer Leistungen und Durchf\u00fchrung vertraglicher Ma\u00dfnahmen ist Art. 6 Abs. 1 lit. b DSGVO.<\/li>\n\n\n\n<li>Die Rechtsgrundlage f\u00fcr die Verarbeitung zur Erf\u00fcllung unserer rechtlichen Verpflichtungen ist Art. 6 Abs. 1 lit. c DSGVO.<\/li>\n\n\n\n<li>Die Rechtsgrundlage f\u00fcr die Verarbeitung zur Wahrung unserer berechtigten Interessen ist Art. 6 Abs. 1 lit. f DSGVO.<\/li>\n<\/ul>\n\n\n\n<h2 class=\"wp-block-heading\">7. Sicherheitsma\u00dfnahmen<\/h2>\n\n\n\n<p>Wir treffen nach Ma\u00dfgabe des Art. 32 DSGVO unter Ber\u00fccksichtigung des Stands der Technik, der Implementierungskosten und der Art, des Umfangs, der Umst\u00e4nde und der Zwecke der Verarbeitung sowie der unterschiedlichen Eintrittswahrscheinlichkeit und Schwere des Risikos f\u00fcr die Rechte und Freiheiten nat\u00fcrlicher Personen, geeignete technische und organisatorische Ma\u00dfnahmen, um ein dem Risiko angemessenes Schutzniveau zu gew\u00e4hrleisten.<\/p>\n\n\n\n<p>Zu den Ma\u00dfnahmen geh\u00f6ren insbesondere die Sicherung der Vertraulichkeit, Integrit\u00e4t und Verf\u00fcgbarkeit von Daten durch Kontrolle des physischen Zugangs zu den Daten, sowie des sie betreffenden Zugriffs, der Eingabe, Weitergabe, der Sicherung der Verf\u00fcgbarkeit und ihrer Trennung. Des Weiteren haben wir Verfahren eingerichtet, die eine Wahrnehmung von Betroffenenrechten, L\u00f6schung von Daten und Reaktion auf Gef\u00e4hrdung der Daten gew\u00e4hrleisten.<\/p>\n\n\n\n<h2 class=\"wp-block-heading\">8. Hosting<\/h2>\n\n\n\n<p>Die von uns in Anspruch genommenen Hosting-Leistungen dienen der Zurverf\u00fcgungstellung der folgenden Leistungen: Infrastruktur- und Plattformdienstleistungen, Rechenkapazit\u00e4t, Speicherplatz und Datenbankdienste, Sicherheitsleistungen sowie technische Wartungsleistungen, die wir zum Zwecke des Betriebs dieses Onlineangebotes einsetzen.<\/p>\n\n\n\n<p>Hierbei verarbeiten wir bzw. unser Hostinganbieter IONOS SE, Elgendorfer Str. 57, 56410 Montabaur, Deutschland, Bestandsdaten, Kontaktdaten, Inhaltsdaten, Vertragsdaten, Nutzungsdaten, Meta- und Kommunikationsdaten von Kunden, Interessenten und Besuchern dieses Onlineangebotes auf Grundlage unserer berechtigten Interessen an einer effizienten und sicheren Zurverf\u00fcgungstellung dieses Onlineangebotes gem. Art. 6 Abs. 1 lit. f DSGVO i.V.m. Art. 28 DSGVO.<\/p>\n\n\n\n<h2 class=\"wp-block-heading\">9. Erhebung von Zugriffsdaten und Logfiles<\/h2>\n\n\n\n<p>Wir bzw. unser Hostinganbieter erhebt auf Grundlage unserer berechtigten Interessen im Sinne des Art. 6 Abs. 1 lit. f DSGVO Daten \u00fcber jeden Zugriff auf den Server, auf dem sich dieser Dienst befindet (sogenannte Serverlogfiles). Zu den Zugriffsdaten geh\u00f6ren Name der abgerufenen Webseite, Datei, Datum und Uhrzeit des Abrufs, \u00fcbertragene Datenmenge, Meldung \u00fcber erfolgreichen Abruf, Browsertyp nebst Version, das Betriebssystem des Nutzers, Referrer URL (die zuvor besuchte Seite), IP-Adresse und der anfragende Provider.<\/p>\n\n\n\n<p>Logfile-Informationen werden aus Sicherheitsgr\u00fcnden (z. B. zur Aufkl\u00e4rung von Missbrauchs- oder Betrugshandlungen) f\u00fcr die Dauer von maximal 7 Tagen gespeichert und danach gel\u00f6scht. Daten, deren weitere Aufbewahrung zu Beweiszwecken erforderlich ist, sind bis zur endg\u00fcltigen Kl\u00e4rung des jeweiligen Vorfalls von der L\u00f6schung ausgenommen.<\/p>\n\n\n\n<h2 class=\"wp-block-heading\">10. Kontaktaufnahme<\/h2>\n\n\n\n<p>Bei der Kontaktaufnahme mit uns (z.B. per Kontaktformular, E-Mail oder telefonisch) werden die Angaben des Nutzers zur Bearbeitung der Kontaktanfrage und deren Abwicklung gem. Art. 6 Abs. 1 lit. b) DSGVO verarbeitet.<\/p>\n\n\n\n<p>Die Angaben der Nutzer k\u00f6nnen in unserem Customer-Relationship-Management System (&#8222;CRM System&#8220;) oder vergleichbarer Anfragenorganisation gespeichert werden.<\/p>\n\n\n\n<p>Das Kontaktformular auf unserer Website erfasst folgende Daten:<\/p>\n\n\n\n<ul class=\"wp-block-list\">\n<li>Name<\/li>\n\n\n\n<li>E-Mail-Adresse<\/li>\n\n\n\n<li>Nachricht\/Anfrage<\/li>\n<\/ul>\n\n\n\n<p>Diese Daten werden ausschlie\u00dflich zum Zweck der Beantwortung Ihrer Anfrage verarbeitet und nicht an Dritte weitergegeben. Die Daten werden gel\u00f6scht, sobald sie f\u00fcr den Zweck ihrer Verarbeitung nicht mehr erforderlich sind und keine gesetzlichen Aufbewahrungspflichten entgegenstehen.<\/p>\n\n\n\n<h2 class=\"wp-block-heading\">11. Einbindung von Diensten und Inhalten Dritter<\/h2>\n\n\n\n<p>Wir setzen innerhalb unseres Onlineangebotes auf Grundlage unserer berechtigten Interessen (d.h. Interesse an der Analyse, Optimierung und wirtschaftlichem Betrieb unseres Onlineangebotes im Sinne des Art. 6 Abs. 1 lit. f. DSGVO) Inhalts- oder Serviceangebote von Drittanbietern ein, um deren Inhalte und Services, wie z. B. Schriften oder Grafiken einzubinden.<\/p>\n\n\n\n<h2 class=\"wp-block-heading\">12. Google Fonts<\/h2>\n\n\n\n<p>Wir binden die Schriftarten (&#8222;Google Fonts&#8220;) des Anbieters Google LLC, 1600 Amphitheatre Parkway, Mountain View, CA 94043, USA, ein. Datenschutzerkl\u00e4rung: https:\/\/www.google.com\/policies\/privacy\/, Opt-Out: https:\/\/adssettings.google.com\/authenticated.<\/p>\n\n\n\n<h2 class=\"wp-block-heading\">13. Cloudflare Turnstile<\/h2>\n\n\n\n<p>Wir nutzen den Service &#8222;Turnstile&#8220; des Anbieters Cloudflare Inc., 101 Townsend St, San Francisco, CA 94107, USA, um unsere Website vor automatisierten Zugriffen und Missbrauch zu sch\u00fctzen. Hierzu wird Ihre IP-Adresse sowie ggf. weitere vom Service als notwendig erachtete Daten \u00fcbermittelt. Diese Datenverarbeitung erfolgt auf Grundlage von Art. 6 Abs. 1 lit. f DSGVO aus unserem \u00fcberwiegenden berechtigten Interesse an der Sicherstellung der Sicherheit unseres Angebots. Weitere Informationen zu Turnstile finden Sie in der Datenschutzerkl\u00e4rung von Cloudflare: https:\/\/www.cloudflare.com\/de-de\/privacypolicy\/<\/p>\n\n\n\n<h2 class=\"wp-block-heading\">14. Vorbereitung f\u00fcr Google Analytics (derzeit nicht im Einsatz)<\/h2>\n\n\n\n<p>Wir planen, in Zukunft gegebenenfalls Google Analytics, einen Webanalysedienst der Google LLC, 1600 Amphitheatre Parkway, Mountain View, CA 94043, USA, zu verwenden. Sollte dieser Dienst implementiert werden, werden wir diese Datenschutzerkl\u00e4rung entsprechend aktualisieren und Sie \u00fcber die Art und den Umfang der Datenverarbeitung informieren. Sie haben dann die M\u00f6glichkeit, der Datenverarbeitung zu widersprechen.<\/p>\n\n\n\n<h2 class=\"wp-block-heading\">15. Rechte der betroffenen Personen<\/h2>\n\n\n\n<p>Sie haben das Recht, eine Best\u00e4tigung dar\u00fcber zu verlangen, ob betreffende Daten verarbeitet werden und auf Auskunft \u00fcber diese Daten sowie auf weitere Informationen und Kopie der Daten entsprechend Art. 15 DSGVO.<\/p>\n\n\n\n<p>Sie haben entsprechend Art. 16 DSGVO das Recht, die Vervollst\u00e4ndigung der Sie betreffenden Daten oder die Berichtigung der Sie betreffenden unrichtigen Daten zu verlangen.<\/p>\n\n\n\n<p>Sie haben nach Ma\u00dfgabe des Art. 17 DSGVO das Recht zu verlangen, dass betreffende Daten unverz\u00fcglich gel\u00f6scht werden, bzw. alternativ nach Ma\u00dfgabe des Art. 18 DSGVO eine Einschr\u00e4nkung der Verarbeitung der Daten zu verlangen.<\/p>\n\n\n\n<p>Sie haben das Recht zu verlangen, dass die Sie betreffenden Daten, die Sie uns bereitgestellt haben, nach Ma\u00dfgabe des Art. 20 DSGVO zu erhalten und deren \u00dcbermittlung an andere Verantwortliche zu fordern.<\/p>\n\n\n\n<p>Sie haben ferner gem. Art. 77 DSGVO das Recht, eine Beschwerde bei der zust\u00e4ndigen Aufsichtsbeh\u00f6rde einzureichen.<\/p>\n\n\n\n<h2 class=\"wp-block-heading\">16. Widerrufsrecht<\/h2>\n\n\n\n<p>Sie haben das Recht, erteilte Einwilligungen gem. Art. 7 Abs. 3 DSGVO mit Wirkung f\u00fcr die Zukunft zu widerrufen.<\/p>\n\n\n\n<h2 class=\"wp-block-heading\">17. Widerspruchsrecht<\/h2>\n\n\n\n<p>Sie k\u00f6nnen der k\u00fcnftigen Verarbeitung der Sie betreffenden Daten nach Ma\u00dfgabe des Art. 21 DSGVO jederzeit widersprechen. Der Widerspruch kann insbesondere gegen die Verarbeitung f\u00fcr Zwecke der Direktwerbung erfolgen.<\/p>\n\n\n\n<h2 class=\"wp-block-heading\">18. L\u00f6schung von Daten<\/h2>\n\n\n\n<p>Die von uns verarbeiteten Daten werden nach Ma\u00dfgabe der Art. 17 und 18 DSGVO gel\u00f6scht oder in ihrer Verarbeitung eingeschr\u00e4nkt. Sofern nicht im Rahmen dieser Datenschutzerkl\u00e4rung ausdr\u00fccklich angegeben, werden die bei uns gespeicherten Daten gel\u00f6scht, sobald sie f\u00fcr ihre Zweckbestimmung nicht mehr erforderlich sind und der L\u00f6schung keine gesetzlichen Aufbewahrungspflichten entgegenstehen.<\/p>\n\n\n\n<p>Sofern die Daten nicht gel\u00f6scht werden, weil sie f\u00fcr andere und gesetzlich zul\u00e4ssige Zwecke erforderlich sind, wird deren Verarbeitung eingeschr\u00e4nkt. D. h. die Daten werden gesperrt und nicht f\u00fcr andere Zwecke verarbeitet.<\/p>\n\n\n\n<h2 class=\"wp-block-heading\">19. \u00c4nderungen der Datenschutzerkl\u00e4rung<\/h2>\n\n\n\n<p>Wir behalten uns vor, diese Datenschutzerkl\u00e4rung anzupassen, damit sie stets den aktuellen rechtlichen Anforderungen entspricht oder um \u00c4nderungen unserer Leistungen in der Datenschutzerkl\u00e4rung umzusetzen, z. B. bei der Einf\u00fchrung neuer Services.<\/p>\n\n\n\n<p>F\u00fcr Ihren erneuten Besuch gilt dann die neue Datenschutzerkl\u00e4rung.<\/p>\n\n\n\n<h2 class=\"wp-block-heading\">20. Fragen zum Datenschutz<\/h2>\n\n\n\n<p>Wenn Sie Fragen zum Datenschutz haben, schreiben Sie uns bitte eine E-Mail an info@vindo.online.<\/p>\n\n\n\n<p>Stand: April 2025<\/p>\n","protected":false},"excerpt":{"rendered":"<p>1. Verantwortlicher Verantwortlich im Sinne der Datenschutz-Grundverordnung (DSGVO) ist: Oliver M\u00fcnchT\u00f6pferstr. 801067 Dresden E-Mail: info@vindo.onlineTelefon: +49 151 28975997 2. \u00dcberblick [&hellip;]<\/p>\n","protected":false},"author":1,"featured_media":0,"parent":0,"menu_order":0,"comment_status":"closed","ping_status":"closed","template":"","meta":{"site-sidebar-layout":"default","site-content-layout":"","ast-site-content-layout":"default","site-content-style":"default","site-sidebar-style":"default","ast-global-header-display":"","ast-banner-title-visibility":"","ast-main-header-display":"","ast-hfb-above-header-display":"","ast-hfb-below-header-display":"","ast-hfb-mobile-header-display":"","site-post-title":"","ast-breadcrumbs-content":"","ast-featured-img":"","footer-sml-layout":"","ast-disable-related-posts":"","theme-transparent-header-meta":"","adv-header-id-meta":"","stick-header-meta":"","header-above-stick-meta":"","header-main-stick-meta":"","header-below-stick-meta":"","astra-migrate-meta-layouts":"default","ast-page-background-enabled":"default","ast-page-background-meta":{"desktop":{"background-color":"var(--ast-global-color-5)","background-image":"","background-repeat":"repeat","background-position":"center center","background-size":"auto","background-attachment":"scroll","background-type":"","background-media":"","overlay-type":"","overlay-color":"","overlay-opacity":"","overlay-gradient":""},"tablet":{"background-color":"","background-image":"","background-repeat":"repeat","background-position":"center center","background-size":"auto","background-attachment":"scroll","background-type":"","background-media":"","overlay-type":"","overlay-color":"","overlay-opacity":"","overlay-gradient":""},"mobile":{"background-color":"","background-image":"","background-repeat":"repeat","background-position":"center center","background-size":"auto","background-attachment":"scroll","background-type":"","background-media":"","overlay-type":"","overlay-color":"","overlay-opacity":"","overlay-gradient":""}},"ast-content-background-meta":{"desktop":{"background-color":"var(--ast-global-color-4)","background-image":"","background-repeat":"repeat","background-position":"center center","background-size":"auto","background-attachment":"scroll","background-type":"","background-media":"","overlay-type":"","overlay-color":"","overlay-opacity":"","overlay-gradient":""},"tablet":{"background-color":"var(--ast-global-color-4)","background-image":"","background-repeat":"repeat","background-position":"center center","background-size":"auto","background-attachment":"scroll","background-type":"","background-media":"","overlay-type":"","overlay-color":"","overlay-opacity":"","overlay-gradient":""},"mobile":{"background-color":"var(--ast-global-color-4)","background-image":"","background-repeat":"repeat","background-position":"center center","background-size":"auto","background-attachment":"scroll","background-type":"","background-media":"","overlay-type":"","overlay-color":"","overlay-opacity":"","overlay-gradient":""}},"footnotes":""},"class_list":["post-146","page","type-page","status-publish","hentry"],"_links":{"self":[{"href":"https:\/\/onboarding-begleiter.de\/index.php?rest_route=\/wp\/v2\/pages\/146","targetHints":{"allow":["GET"]}}],"collection":[{"href":"https:\/\/onboarding-begleiter.de\/index.php?rest_route=\/wp\/v2\/pages"}],"about":[{"href":"https:\/\/onboarding-begleiter.de\/index.php?rest_route=\/wp\/v2\/types\/page"}],"author":[{"embeddable":true,"href":"https:\/\/onboarding-begleiter.de\/index.php?rest_route=\/wp\/v2\/users\/1"}],"replies":[{"embeddable":true,"href":"https:\/\/onboarding-begleiter.de\/index.php?rest_route=%2Fwp%2Fv2%2Fcomments&post=146"}],"version-history":[{"count":1,"href":"https:\/\/onboarding-begleiter.de\/index.php?rest_route=\/wp\/v2\/pages\/146\/revisions"}],"predecessor-version":[{"id":147,"href":"https:\/\/onboarding-begleiter.de\/index.php?rest_route=\/wp\/v2\/pages\/146\/revisions\/147"}],"wp:attachment":[{"href":"https:\/\/onboarding-begleiter.de\/index.php?rest_route=%2Fwp%2Fv2%2Fmedia&parent=146"}],"curies":[{"name":"wp","href":"https:\/\/api.w.org\/{rel}","templated":true}]}}